{"id":70,"date":"2022-04-28T16:13:04","date_gmt":"2022-04-28T14:13:04","guid":{"rendered":"https:\/\/www.cac-partners.com\/?page_id=70"},"modified":"2022-05-01T18:35:28","modified_gmt":"2022-05-01T16:35:28","slug":"notre-equipe","status":"publish","type":"page","link":"https:\/\/www.cac-partners.com\/","title":{"rendered":"Notre \u00e9quipe"},"content":{"rendered":"\n<p>Le cabinet CAC Partners dispose d\u2019experts d\u00e9di\u00e9s pour chaque nature d&rsquo;intervention.<\/p>\n\n\n\n<p>Nos \u00e9quipes suivent des programmes de formation et de mise \u00e0 niveau r\u00e9guli\u00e8rement afin de fournir une prestation de qualit\u00e9 irr\u00e9prochable.<\/p>\n\n\n\n<p>Nos \u00e9quipes constituent un atout permettant de proposer aux dirigeants une prestation compl\u00e8te et adapt\u00e9e et de devenir ainsi leur Business Partner.<\/p>\n\n\n\n<div class=\"wp-block-columns is-layout-flex wp-container-core-columns-is-layout-9d6595d7 wp-block-columns-is-layout-flex\">\n<div class=\"wp-block-column is-layout-flow wp-block-column-is-layout-flow\" style=\"flex-basis:100%\">\n<div class=\"wp-block-columns is-layout-flex wp-container-core-columns-is-layout-9d6595d7 wp-block-columns-is-layout-flex\">\n<div class=\"wp-block-column is-layout-flow wp-block-column-is-layout-flow\" style=\"flex-basis:100%\">\n<div class=\"wp-block-columns is-layout-flex wp-container-core-columns-is-layout-9d6595d7 wp-block-columns-is-layout-flex\">\n<div class=\"wp-block-column is-layout-flow wp-block-column-is-layout-flow\" style=\"flex-basis:100%\">\n<div class=\"wp-block-columns is-layout-flex wp-container-core-columns-is-layout-9d6595d7 wp-block-columns-is-layout-flex\">\n<div class=\"wp-block-column is-layout-flow wp-block-column-is-layout-flow\" style=\"flex-basis:200px\">\n<figure class=\"wp-block-image size-full\"><img decoding=\"async\" src=\"data:image\/gif;base64,R0lGODlhAQABAAAAACH5BAEKAAEALAAAAAABAAEAAAICTAEAOw==\" data-layzr=\"https:\/\/www.cac-partners.com\/wp-content\/uploads\/2022\/04\/mehdi.jpg\" alt=\"\" class=\"wp-image-89\"\/><\/figure>\n<\/div>\n\n\n\n<div class=\"wp-block-column is-layout-flow wp-block-column-is-layout-flow\">\n<p><\/p>\n\n\n\n<p><\/p>\n\n\n\n<p><strong>Mehdi TOUM BENCHEKROUN<\/strong><\/p>\n\n\n\n<p>Associ\u00e9 unique responsable de l\u2019activit\u00e9 conseil et expertise comptable.<\/p>\n<\/div>\n<\/div>\n<\/div>\n<\/div>\n<\/div>\n<\/div>\n<\/div>\n<\/div>\n\n\n\n<div class=\"wp-block-columns are-vertically-aligned-center is-layout-flex wp-container-core-columns-is-layout-9d6595d7 wp-block-columns-is-layout-flex\"><\/div>\n","protected":false},"excerpt":{"rendered":"<p>Le cabinet CAC Partners dispose d\u2019experts d\u00e9di\u00e9s pour chaque nature d&rsquo;intervention. Nos \u00e9quipes suivent des programmes de formation et de mise \u00e0 niveau r\u00e9guli\u00e8rement afin de fournir une prestation de qualit\u00e9 irr\u00e9prochable. Nos \u00e9quipes constituent un atout permettant de proposer aux dirigeants une prestation compl\u00e8te et adapt\u00e9e et de devenir &hellip; <\/p>\n","protected":false},"author":1,"featured_media":0,"parent":0,"menu_order":0,"comment_status":"closed","ping_status":"closed","template":"","meta":{"footnotes":""},"class_list":["post-70","page","type-page","status-publish","hentry","latest_post"],"_links":{"self":[{"href":"https:\/\/www.cac-partners.com\/index.php\/wp-json\/wp\/v2\/pages\/70","targetHints":{"allow":["GET"]}}],"collection":[{"href":"https:\/\/www.cac-partners.com\/index.php\/wp-json\/wp\/v2\/pages"}],"about":[{"href":"https:\/\/www.cac-partners.com\/index.php\/wp-json\/wp\/v2\/types\/page"}],"author":[{"embeddable":true,"href":"https:\/\/www.cac-partners.com\/index.php\/wp-json\/wp\/v2\/users\/1"}],"replies":[{"embeddable":true,"href":"https:\/\/www.cac-partners.com\/index.php\/wp-json\/wp\/v2\/comments?post=70"}],"version-history":[{"count":10,"href":"https:\/\/www.cac-partners.com\/index.php\/wp-json\/wp\/v2\/pages\/70\/revisions"}],"predecessor-version":[{"id":350,"href":"https:\/\/www.cac-partners.com\/index.php\/wp-json\/wp\/v2\/pages\/70\/revisions\/350"}],"wp:attachment":[{"href":"https:\/\/www.cac-partners.com\/index.php\/wp-json\/wp\/v2\/media?parent=70"}],"curies":[{"name":"wp","href":"https:\/\/api.w.org\/{rel}","templated":true}]}}