{"id":540,"date":"2022-05-26T12:27:36","date_gmt":"2022-05-26T10:27:36","guid":{"rendered":"https:\/\/www.cac-partners.com\/?page_id=540"},"modified":"2022-05-26T12:27:36","modified_gmt":"2022-05-26T10:27:36","slug":"digitalisation","status":"publish","type":"page","link":"https:\/\/www.cac-partners.com\/index.php\/digitalisation\/","title":{"rendered":"Digitalisation"},"content":{"rendered":"\n<p>Vous souhaitez plus d&rsquo;efficacit\u00e9 dans vos processus m\u00e9tiers, une plus grande r\u00e9activit\u00e9, avoir acc\u00e8s instantan\u00e9ment \u00e0 vos donn\u00e9es, nous vous accompagnons dans la digitalisation de votre activit\u00e9. <\/p>\n\n\n\n<ul class=\"wp-block-list\"><li>Conseil et accompagnement de votre transformation digitale<\/li><li>Mise en place d&rsquo;outils de facturation, devis, suivi de tr\u00e9sorerie en temps r\u00e9el<\/li><li>Gestion documentaire, et archivage num\u00e9rique<\/li><li>Cr\u00e9ation de site web vitrine ou e-commerce<\/li><li>Gestion de vos r\u00e9seaux sociaux (content management)<\/li><li>Mise en place d&rsquo;outils de reporting pour un suivi en temps r\u00e9el <\/li><\/ul>\n\n\n\n<p><\/p>\n","protected":false},"excerpt":{"rendered":"<p>Vous souhaitez plus d&rsquo;efficacit\u00e9 dans vos processus m\u00e9tiers, une plus grande r\u00e9activit\u00e9, avoir acc\u00e8s instantan\u00e9ment \u00e0 vos donn\u00e9es, nous vous accompagnons dans la digitalisation de votre activit\u00e9. Conseil et accompagnement de votre transformation digitale Mise en place d&rsquo;outils de facturation, devis, suivi de tr\u00e9sorerie en temps r\u00e9el Gestion documentaire, et &hellip; <\/p>\n","protected":false},"author":1,"featured_media":0,"parent":0,"menu_order":0,"comment_status":"closed","ping_status":"closed","template":"","meta":{"footnotes":""},"class_list":["post-540","page","type-page","status-publish","hentry","latest_post"],"_links":{"self":[{"href":"https:\/\/www.cac-partners.com\/index.php\/wp-json\/wp\/v2\/pages\/540","targetHints":{"allow":["GET"]}}],"collection":[{"href":"https:\/\/www.cac-partners.com\/index.php\/wp-json\/wp\/v2\/pages"}],"about":[{"href":"https:\/\/www.cac-partners.com\/index.php\/wp-json\/wp\/v2\/types\/page"}],"author":[{"embeddable":true,"href":"https:\/\/www.cac-partners.com\/index.php\/wp-json\/wp\/v2\/users\/1"}],"replies":[{"embeddable":true,"href":"https:\/\/www.cac-partners.com\/index.php\/wp-json\/wp\/v2\/comments?post=540"}],"version-history":[{"count":1,"href":"https:\/\/www.cac-partners.com\/index.php\/wp-json\/wp\/v2\/pages\/540\/revisions"}],"predecessor-version":[{"id":541,"href":"https:\/\/www.cac-partners.com\/index.php\/wp-json\/wp\/v2\/pages\/540\/revisions\/541"}],"wp:attachment":[{"href":"https:\/\/www.cac-partners.com\/index.php\/wp-json\/wp\/v2\/media?parent=540"}],"curies":[{"name":"wp","href":"https:\/\/api.w.org\/{rel}","templated":true}]}}