{"id":41,"date":"2022-04-28T14:46:43","date_gmt":"2022-04-28T12:46:43","guid":{"rendered":"https:\/\/www.cac-partners.com\/?page_id=41"},"modified":"2022-05-02T13:02:06","modified_gmt":"2022-05-02T11:02:06","slug":"qui-sommes-nous","status":"publish","type":"page","link":"https:\/\/www.cac-partners.com\/index.php\/qui-sommes-nous\/","title":{"rendered":"Qui sommes-nous ?"},"content":{"rendered":"\n<p><\/p>\n\n\n\n<p>Implant\u00e9 en plein c\u0153ur de Casablanca, <strong>CAC Partners <\/strong>est un cabinet de conseil pluridisciplinaire, intervenant dans les domaines de la comptabilit\u00e9, du conseil, et de l\u2019audit.<\/p>\n\n\n\n<p>Notre cabinet est n\u00e9 d\u2019une alliance d\u2019experts issus d\u2019environnements diff\u00e9rents et compl\u00e9mentaires ayant exerc\u00e9s pendant pr\u00e8s de 10 ans en grands cabinets d\u2019audit et de conseil aupr\u00e8s d\u2019une client\u00e8le diverse et vari\u00e9e.<\/p>\n\n\n\n<p>Les prestations que nous proposons sont adapt\u00e9es afin de lib\u00e9rer les dirigeants de l\u2019ensemble de leurs contraintes administratives et r\u00e9glementaires en les encourageant \u00e0 se consacrer \u00e0 leur c\u0153ur de m\u00e9tier, source d\u2019\u00e9panouissement et de profit.<\/p>\n\n\n\n<p>Nous nous adaptons aux besoins de chaque client dans le respect de nos valeurs et de nos engagements.<\/p>\n","protected":false},"excerpt":{"rendered":"<p>Implant\u00e9 en plein c\u0153ur de Casablanca, CAC Partners est un cabinet de conseil pluridisciplinaire, intervenant dans les domaines de la comptabilit\u00e9, du conseil, et de l\u2019audit. Notre cabinet est n\u00e9 d\u2019une alliance d\u2019experts issus d\u2019environnements diff\u00e9rents et compl\u00e9mentaires ayant exerc\u00e9s pendant pr\u00e8s de 10 ans en grands cabinets d\u2019audit et &hellip; <\/p>\n","protected":false},"author":1,"featured_media":0,"parent":0,"menu_order":0,"comment_status":"closed","ping_status":"closed","template":"","meta":{"footnotes":""},"class_list":["post-41","page","type-page","status-publish","hentry","latest_post"],"_links":{"self":[{"href":"https:\/\/www.cac-partners.com\/index.php\/wp-json\/wp\/v2\/pages\/41","targetHints":{"allow":["GET"]}}],"collection":[{"href":"https:\/\/www.cac-partners.com\/index.php\/wp-json\/wp\/v2\/pages"}],"about":[{"href":"https:\/\/www.cac-partners.com\/index.php\/wp-json\/wp\/v2\/types\/page"}],"author":[{"embeddable":true,"href":"https:\/\/www.cac-partners.com\/index.php\/wp-json\/wp\/v2\/users\/1"}],"replies":[{"embeddable":true,"href":"https:\/\/www.cac-partners.com\/index.php\/wp-json\/wp\/v2\/comments?post=41"}],"version-history":[{"count":3,"href":"https:\/\/www.cac-partners.com\/index.php\/wp-json\/wp\/v2\/pages\/41\/revisions"}],"predecessor-version":[{"id":103,"href":"https:\/\/www.cac-partners.com\/index.php\/wp-json\/wp\/v2\/pages\/41\/revisions\/103"}],"wp:attachment":[{"href":"https:\/\/www.cac-partners.com\/index.php\/wp-json\/wp\/v2\/media?parent=41"}],"curies":[{"name":"wp","href":"https:\/\/api.w.org\/{rel}","templated":true}]}}