{"id":407,"date":"2022-05-02T14:57:22","date_gmt":"2022-05-02T12:57:22","guid":{"rendered":"https:\/\/www.cac-partners.com\/?page_id=407"},"modified":"2022-05-08T11:21:32","modified_gmt":"2022-05-08T09:21:32","slug":"accompagnement","status":"publish","type":"page","link":"https:\/\/www.cac-partners.com\/index.php\/accompagnement\/","title":{"rendered":"Accompagnement"},"content":{"rendered":"\n<p><strong>Vous souhaitez vous installer au Maroc, CAC Partners vous accompagne dans l&rsquo;ensemble des d\u00e9marches administratives.<\/strong><\/p>\n\n\n\n<ul class=\"wp-block-list\"><li>Conseil et accompagnement<\/li><li>Constitution de dossier de carte de r\u00e9sident<\/li><li>Mise en relation avec les acteurs \u00e9conomique locaux<\/li><\/ul>\n\n\n\n<p> <\/p>\n\n\n\n<p><\/p>\n\n\n\n<p><strong>Cr\u00e9ation d&rsquo;entreprise<\/strong><\/p>\n\n\n\n<ul class=\"wp-block-list\"><li>Etude de march\u00e9<\/li><li>Conseil cr\u00e9ation de soci\u00e9t\u00e9, groupe, holding, etc&#8230;<\/li><li>Constitution et d\u00e9p\u00f4t des statuts de soci\u00e9t\u00e9 marocaine<\/li><li>Service de domiciliation<\/li><li>Assistance &amp; conseil juridique et fiscale<\/li><li>Prise en charge de recrutement<\/li><li>Recherche de locaux professionnels<\/li><\/ul>\n\n\n\n<p><\/p>\n","protected":false},"excerpt":{"rendered":"<p>Vous souhaitez vous installer au Maroc, CAC Partners vous accompagne dans l&rsquo;ensemble des d\u00e9marches administratives. Conseil et accompagnement Constitution de dossier de carte de r\u00e9sident Mise en relation avec les acteurs \u00e9conomique locaux Cr\u00e9ation d&rsquo;entreprise Etude de march\u00e9 Conseil cr\u00e9ation de soci\u00e9t\u00e9, groupe, holding, etc&#8230; Constitution et d\u00e9p\u00f4t des statuts &hellip; <\/p>\n","protected":false},"author":1,"featured_media":0,"parent":0,"menu_order":0,"comment_status":"closed","ping_status":"closed","template":"","meta":{"footnotes":""},"class_list":["post-407","page","type-page","status-publish","hentry","latest_post"],"_links":{"self":[{"href":"https:\/\/www.cac-partners.com\/index.php\/wp-json\/wp\/v2\/pages\/407","targetHints":{"allow":["GET"]}}],"collection":[{"href":"https:\/\/www.cac-partners.com\/index.php\/wp-json\/wp\/v2\/pages"}],"about":[{"href":"https:\/\/www.cac-partners.com\/index.php\/wp-json\/wp\/v2\/types\/page"}],"author":[{"embeddable":true,"href":"https:\/\/www.cac-partners.com\/index.php\/wp-json\/wp\/v2\/users\/1"}],"replies":[{"embeddable":true,"href":"https:\/\/www.cac-partners.com\/index.php\/wp-json\/wp\/v2\/comments?post=407"}],"version-history":[{"count":6,"href":"https:\/\/www.cac-partners.com\/index.php\/wp-json\/wp\/v2\/pages\/407\/revisions"}],"predecessor-version":[{"id":462,"href":"https:\/\/www.cac-partners.com\/index.php\/wp-json\/wp\/v2\/pages\/407\/revisions\/462"}],"wp:attachment":[{"href":"https:\/\/www.cac-partners.com\/index.php\/wp-json\/wp\/v2\/media?parent=407"}],"curies":[{"name":"wp","href":"https:\/\/api.w.org\/{rel}","templated":true}]}}