{"id":323,"date":"2022-05-01T17:27:24","date_gmt":"2022-05-01T15:27:24","guid":{"rendered":"https:\/\/www.cac-partners.com\/?page_id=323"},"modified":"2022-05-01T18:32:22","modified_gmt":"2022-05-01T16:32:22","slug":"notre-approche","status":"publish","type":"page","link":"https:\/\/www.cac-partners.com\/index.php\/notre-approche\/","title":{"rendered":"Notre approche"},"content":{"rendered":"\n<p>Compr\u00e9hension du besoin avec un diagnostic associ\u00e9 \u00e0 un plan d\u2019action adapt\u00e9 et pertinent<\/p>\n\n\n\n<p>R\u00e9alisation du projet, en apportant l\u2019expertise m\u00e9tier<\/p>\n\n\n\n<p>Accompagner dans l\u2019animation et la gestion quotidienne des \u00e9quipes<\/p>\n\n\n\n<p>Transmettre en documentant et en formant les \u00e9quipes de nos clients<\/p>\n","protected":false},"excerpt":{"rendered":"<p>Compr\u00e9hension du besoin avec un diagnostic associ\u00e9 \u00e0 un plan d\u2019action adapt\u00e9 et pertinent R\u00e9alisation du projet, en apportant l\u2019expertise m\u00e9tier Accompagner dans l\u2019animation et la gestion quotidienne des \u00e9quipes Transmettre en documentant et en formant les \u00e9quipes de nos clients<\/p>\n","protected":false},"author":1,"featured_media":0,"parent":0,"menu_order":0,"comment_status":"closed","ping_status":"closed","template":"","meta":{"footnotes":""},"class_list":["post-323","page","type-page","status-publish","hentry","latest_post"],"_links":{"self":[{"href":"https:\/\/www.cac-partners.com\/index.php\/wp-json\/wp\/v2\/pages\/323","targetHints":{"allow":["GET"]}}],"collection":[{"href":"https:\/\/www.cac-partners.com\/index.php\/wp-json\/wp\/v2\/pages"}],"about":[{"href":"https:\/\/www.cac-partners.com\/index.php\/wp-json\/wp\/v2\/types\/page"}],"author":[{"embeddable":true,"href":"https:\/\/www.cac-partners.com\/index.php\/wp-json\/wp\/v2\/users\/1"}],"replies":[{"embeddable":true,"href":"https:\/\/www.cac-partners.com\/index.php\/wp-json\/wp\/v2\/comments?post=323"}],"version-history":[{"count":5,"href":"https:\/\/www.cac-partners.com\/index.php\/wp-json\/wp\/v2\/pages\/323\/revisions"}],"predecessor-version":[{"id":341,"href":"https:\/\/www.cac-partners.com\/index.php\/wp-json\/wp\/v2\/pages\/323\/revisions\/341"}],"wp:attachment":[{"href":"https:\/\/www.cac-partners.com\/index.php\/wp-json\/wp\/v2\/media?parent=323"}],"curies":[{"name":"wp","href":"https:\/\/api.w.org\/{rel}","templated":true}]}}