{"id":231,"date":"2022-04-30T13:26:40","date_gmt":"2022-04-30T11:26:40","guid":{"rendered":"https:\/\/www.cac-partners.com\/?page_id=231"},"modified":"2022-04-30T13:33:38","modified_gmt":"2022-04-30T11:33:38","slug":"expertise-conseil","status":"publish","type":"page","link":"https:\/\/www.cac-partners.com\/index.php\/expertise-conseil\/","title":{"rendered":"Expertise Conseil"},"content":{"rendered":"\n<p><strong>Op\u00e9rations courantes<\/strong><\/p>\n\n\n\n<ul class=\"wp-block-list\"><li>Tenue et r\u00e9vision comptable<\/li><li>Gestion des obligations d\u00e9claratives<\/li><li>Reporting<\/li><li>Gestion et optimisation de la paie <\/li><li>Gestion administrative du personnel<\/li><li>R\u00e9ponses aux questions sociales courantes<\/li><\/ul>\n\n\n\n<p><strong>Op\u00e9rations sp\u00e9cifiques<\/strong><\/p>\n\n\n\n<ul class=\"wp-block-list\"><li>Projets comptables complexes<\/li><li>Processus comptables<\/li><li>Comptabilit\u00e9 analytique<\/li><li>Diagnostic de la fonction administrative et financi\u00e8re<\/li><li>Mise en conformit\u00e9 de la production comptable avec les r\u00e9f\u00e9rentiels<\/li><li>Consolidation et IFRS<\/li><li>Assistance dans le cadre d\u2019un contr\u00f4le CNSS<\/li><li>Revue de la paie et de la conformit\u00e9 sociale<\/li><\/ul>\n","protected":false},"excerpt":{"rendered":"<p>Nos m\u00e9tiers, Expertise Conseil, Op\u00e9rations courantes et sp\u00e9cifiques<\/p>\n","protected":false},"author":1,"featured_media":0,"parent":0,"menu_order":0,"comment_status":"closed","ping_status":"closed","template":"","meta":{"footnotes":""},"class_list":["post-231","page","type-page","status-publish","hentry","latest_post"],"_links":{"self":[{"href":"https:\/\/www.cac-partners.com\/index.php\/wp-json\/wp\/v2\/pages\/231","targetHints":{"allow":["GET"]}}],"collection":[{"href":"https:\/\/www.cac-partners.com\/index.php\/wp-json\/wp\/v2\/pages"}],"about":[{"href":"https:\/\/www.cac-partners.com\/index.php\/wp-json\/wp\/v2\/types\/page"}],"author":[{"embeddable":true,"href":"https:\/\/www.cac-partners.com\/index.php\/wp-json\/wp\/v2\/users\/1"}],"replies":[{"embeddable":true,"href":"https:\/\/www.cac-partners.com\/index.php\/wp-json\/wp\/v2\/comments?post=231"}],"version-history":[{"count":1,"href":"https:\/\/www.cac-partners.com\/index.php\/wp-json\/wp\/v2\/pages\/231\/revisions"}],"predecessor-version":[{"id":237,"href":"https:\/\/www.cac-partners.com\/index.php\/wp-json\/wp\/v2\/pages\/231\/revisions\/237"}],"wp:attachment":[{"href":"https:\/\/www.cac-partners.com\/index.php\/wp-json\/wp\/v2\/media?parent=231"}],"curies":[{"name":"wp","href":"https:\/\/api.w.org\/{rel}","templated":true}]}}