{"id":203,"date":"2022-04-29T20:28:16","date_gmt":"2022-04-29T18:28:16","guid":{"rendered":"https:\/\/www.cac-partners.com\/?page_id=203"},"modified":"2022-05-26T12:27:30","modified_gmt":"2022-05-26T10:27:30","slug":"conseil-operationel-business-process-outsourcing","status":"publish","type":"page","link":"https:\/\/www.cac-partners.com\/index.php\/conseil-operationel-business-process-outsourcing\/","title":{"rendered":"Conseil op\u00e9rationel &#038; business process outsourcing"},"content":{"rendered":"\n<ul class=\"wp-block-list\"><li>Transformation de la fonction Finance et du Syst\u00e8me d\u2019Information,<\/li><li>BPO Administratif, Comptable et Financier,<\/li><li>Externalisation d\u2019op\u00e9rations comptables et administratives,<\/li><li>Pilotage de l\u2019activit\u00e9 (tableau de bord, indicateurs).<\/li><li>Audit IT et S\u00e9curit\u00e9 SI,<\/li><li>Comptabilit\u00e9 fournisseurs,<\/li><li>Traitement des notes de frais,<\/li><li>Optimisation et d\u00e9mat\u00e9rialisation de processus,<\/li><li>Accompagnement pour l\u2019obtention des subventions d\u2019investissement ( MAROC PME, Minist\u00e8res)<\/li><li>Projets d\u2019investissement, co\u00fbt et rentabilit\u00e9.<\/li><\/ul>\n\n\n\n<p><\/p>\n","protected":false},"excerpt":{"rendered":"<p>Transformation de la fonction Finance et du Syst\u00e8me d\u2019Information, BPO Administratif, Comptable et Financier, Externalisation d\u2019op\u00e9rations comptables et administratives, Pilotage de l\u2019activit\u00e9 (tableau de bord, indicateurs). Audit IT et S\u00e9curit\u00e9 SI, Comptabilit\u00e9 fournisseurs, Traitement des notes de frais, Optimisation et d\u00e9mat\u00e9rialisation de processus, Accompagnement pour l\u2019obtention des subventions d\u2019investissement ( &hellip; <\/p>\n","protected":false},"author":1,"featured_media":0,"parent":0,"menu_order":0,"comment_status":"closed","ping_status":"closed","template":"","meta":{"footnotes":""},"class_list":["post-203","page","type-page","status-publish","hentry","latest_post"],"_links":{"self":[{"href":"https:\/\/www.cac-partners.com\/index.php\/wp-json\/wp\/v2\/pages\/203","targetHints":{"allow":["GET"]}}],"collection":[{"href":"https:\/\/www.cac-partners.com\/index.php\/wp-json\/wp\/v2\/pages"}],"about":[{"href":"https:\/\/www.cac-partners.com\/index.php\/wp-json\/wp\/v2\/types\/page"}],"author":[{"embeddable":true,"href":"https:\/\/www.cac-partners.com\/index.php\/wp-json\/wp\/v2\/users\/1"}],"replies":[{"embeddable":true,"href":"https:\/\/www.cac-partners.com\/index.php\/wp-json\/wp\/v2\/comments?post=203"}],"version-history":[{"count":2,"href":"https:\/\/www.cac-partners.com\/index.php\/wp-json\/wp\/v2\/pages\/203\/revisions"}],"predecessor-version":[{"id":205,"href":"https:\/\/www.cac-partners.com\/index.php\/wp-json\/wp\/v2\/pages\/203\/revisions\/205"}],"wp:attachment":[{"href":"https:\/\/www.cac-partners.com\/index.php\/wp-json\/wp\/v2\/media?parent=203"}],"curies":[{"name":"wp","href":"https:\/\/api.w.org\/{rel}","templated":true}]}}